{"id":2099,"date":"2019-03-20T09:19:49","date_gmt":"2019-03-20T08:19:49","guid":{"rendered":"http:\/\/wordpress.aubauernhof.at\/alm-grossarl\/"},"modified":"2025-04-28T15:37:35","modified_gmt":"2025-04-28T13:37:35","slug":"alpine-hut","status":"publish","type":"page","link":"https:\/\/www.aubauernhof.at\/en\/alpine-hut\/","title":{"rendered":"Alpine Hut"},"content":{"rendered":"<div class=\"vce-row-container\" data-vce-boxed-width=\"true\"><div class=\"vce-row vce-row--col-gap-30 schmal vce-row-content--top\" id=\"el-5c7fd9b7\" data-vce-do-apply=\"all el-5c7fd9b7\"><div class=\"vce-row-content\" data-vce-element-content=\"true\"><div class=\"vce-col vce-col--md-auto vce-col--xs-1 vce-col--xs-last vce-col--xs-first vce-col--sm-last vce-col--sm-first vce-col--md-last vce-col--lg-last vce-col--xl-last vce-col--md-first vce-col--lg-first vce-col--xl-first\" id=\"el-1976b285\"><div class=\"vce-col-inner\" data-vce-do-apply=\"border margin background  el-1976b285\"><div class=\"vce-col-content\" data-vce-element-content=\"true\" data-vce-do-apply=\"padding el-1976b285\"><div class=\"vce-text-block\"><div class=\"vce-text-block-wrapper vce\" id=\"el-6eb57957\" data-vce-do-apply=\"all el-6eb57957\"><h1>Farm's own alpine hut - the Aualm<\/h1><h2>Mountain hut in a scenic location in the heart of the Grossarl Valley hiking region<\/h2><\/div><\/div><\/div><\/div><\/div><\/div><\/div><\/div><div class=\"vce-row-container\" data-vce-boxed-width=\"true\"><div class=\"vce-row vce-row--col-gap-50 vce-row-content--top\" id=\"el-9398915c\" data-vce-do-apply=\"all el-9398915c\"><div class=\"vce-content-background-container\"><\/div><div class=\"vce-row-content btn-group\" data-vce-element-content=\"true\"><div class=\"vce-col vce-col--md-auto vce-col--xs-1 vce-col--xs-last vce-col--xs-first vce-col--sm-last vce-col--sm-first vce-col--md-first vce-col--lg-first vce-col--xl-first\" id=\"el-cd5a862e\"><div class=\"vce-col-inner\" data-vce-do-apply=\"border margin background  el-cd5a862e\"><div class=\"vce-col-content\" data-vce-element-content=\"true\" data-vce-do-apply=\"padding el-cd5a862e\"><div class=\"vce-text-block\"><div class=\"vce-text-block-wrapper vce\" id=\"el-d91f0ec2\" data-vce-do-apply=\"all el-d91f0ec2\"><p style=\"text-align: left;\">Combine a<strong> scenic hike <\/strong>or<strong> mountain tour <\/strong>with a visit to our <strong>own alpine hut.&nbsp;<\/strong>As common for farms here in the Grossarl Valley, an alpine pasture area with an <strong>alpine hut open for refreshment<\/strong> belongs to our <a href=\"http:\/\/www.aubauernhof.at\/en\/\">organic farm<\/a>. The Aualm is situated at an altitude of <strong>1,795 m<\/strong> below the Schuhflicker and was lovingly newly-constructed using local wood. The view of the Grossarl Valley and the surrounding range of mountains amazes our guests time and again. Enjoy our <strong>home-made delicacies<\/strong> on the sun terrace or in the aromatic mountain pine snug, whilst your children romp around and play in the <strong>adventure playground<\/strong> to their hearts' content. Come up to the Aualm and spend a great day amid alpine pasture with us.<\/p><\/div><\/div><div class=\"vce-single-image-container vce-single-image--align-right\"><div class=\"vce vce-single-image-wrapper\" id=\"el-91ddbd42\" data-vce-do-apply=\"all el-91ddbd42\" data-vce-animate=\"vce-o-animate--slideInUp\"><figure><div class=\"vce-single-image-figure-inner\" style=\"width: 375px;\"><a href=\"https:\/\/www.aubauernhof.at\/wp-content\/uploads\/hofeigene-alm-grossarltal-aubauer-3.jpg\" data-lightbox=\"lightbox-91ddbd42\" class=\"vce-single-image-inner vce-single-image--absolute\" style=\"width: 100%; padding-bottom: 66.6667%;\"><img decoding=\"async\" class=\"vce-single-image lazyload\"  width=\"375\" height=\"250\" data-srcset=\"https:\/\/www.aubauernhof.at\/wp-content\/uploads\/hofeigene-alm-grossarltal-aubauer-3-375x250.jpg 375w, https:\/\/www.aubauernhof.at\/wp-content\/uploads\/hofeigene-alm-grossarltal-aubauer-3-320x213.jpg 320w, https:\/\/www.aubauernhof.at\/wp-content\/uploads\/hofeigene-alm-grossarltal-aubauer-3-480x320.jpg 480w, https:\/\/www.aubauernhof.at\/wp-content\/uploads\/hofeigene-alm-grossarltal-aubauer-3-800x533.jpg 800w, https:\/\/www.aubauernhof.at\/wp-content\/uploads\/hofeigene-alm-grossarltal-aubauer-3-750x500.jpg 2x\" data-src=\"https:\/\/www.aubauernhof.at\/wp-content\/uploads\/hofeigene-alm-grossarltal-aubauer-3-375x250.jpg\" data-img-src=\"https:\/\/www.aubauernhof.at\/wp-content\/uploads\/hofeigene-alm-grossarltal-aubauer-3.jpg\" data-attachment-id=\"3503\"  alt=\"Hofeigene Alm, Urlaub am Bauernhof in Gro\u00dfarl\" title=\"hofeigene-alm-grossarltal-aubauer-3\" src=\"data:image\/svg+xml;base64,PHN2ZyB3aWR0aD0iMSIgaGVpZ2h0PSIxIiB4bWxucz0iaHR0cDovL3d3dy53My5vcmcvMjAwMC9zdmciPjwvc3ZnPg==\" style=\"--smush-placeholder-width: 375px; --smush-placeholder-aspect-ratio: 375\/250;\" data-sizes=\"auto\" \/><\/a><\/div><figcaption hidden=\"\"><\/figcaption><\/figure><\/div><\/div><\/div><\/div><\/div><div class=\"vce-col vce-col--md-auto vce-col--xs-1 vce-col--xs-last vce-col--xs-first vce-col--sm-last vce-col--sm-first vce-col--md-last vce-col--lg-last vce-col--xl-last\" id=\"el-d675b2f0\"><div class=\"vce-col-inner\" data-vce-do-apply=\"border margin background  el-d675b2f0\"><div class=\"vce-col-content\" data-vce-element-content=\"true\" data-vce-do-apply=\"padding el-d675b2f0\"><div class=\"vce-multiple-image-collage vce vce-multiple-image-collage-align--left\" id=\"el-ff628330\" data-vce-do-apply=\"margin padding border background  el-ff628330\"><div class=\"vce-multiple-image-collage-wrapper\" style=\"width: 100%; padding-bottom: 75%;\"><div class=\"vce-multiple-image-collage-inner\"><div class=\"vce-multiple-image-collage-item vce-multiple-image-collage-item-position--right-bottom lazyload\" style=\"width: 51%; height: 49%; background-image:inherit;\" data-vce-animate=\"vce-o-animate--fadeInRight\" data-bg-image=\"url(&#039;https:\/\/www.aubauernhof.at\/wp-content\/uploads\/hofeigene-produkte-almhuette-aualm-grossarltal-3.jpg&#039;)\"><\/div><div class=\"vce-multiple-image-collage-item vce-multiple-image-collage-item-position--right-top lazyload\" style=\"width: 51%; height: 49%; background-image:inherit;\" data-vce-animate=\"vce-o-animate--fadeInDown\" data-bg-image=\"url(&#039;https:\/\/www.aubauernhof.at\/wp-content\/uploads\/hofeigene-alm-grossarltal-aubauer-4.jpg&#039;)\"><\/div><div class=\"vce-multiple-image-collage-item vce-multiple-image-collage-item-position--left-top lazyload\" style=\"width: 47%; height: 100%; background-image:inherit;\" data-vce-animate=\"vce-o-animate--fadeInLeft\" data-bg-image=\"url(&#039;https:\/\/www.aubauernhof.at\/wp-content\/uploads\/hofeigene-alm-grossarltal-aubauer-1.jpg&#039;)\"><\/div><\/div><\/div><\/div><\/div><\/div><\/div><\/div><\/div><\/div><div class=\"vce-row-container\"><div class=\"vce-row vce-row--col-gap-30 hintergrund vce-row-content--top\" data-vce-full-width=\"true\" id=\"el-67c5abf6\" data-vce-do-apply=\"all el-67c5abf6\"><div class=\"vce-content-background-container\"><\/div><div class=\"vce-row-content\" data-vce-element-content=\"true\"><div class=\"vce-col vce-col--md-auto vce-col--xs-1 vce-col--xs-last vce-col--xs-first vce-col--sm-last vce-col--sm-first vce-col--md-last vce-col--lg-last vce-col--xl-last vce-col--md-first vce-col--lg-first vce-col--xl-first\" id=\"el-952b7efe\"><div class=\"vce-col-inner\" data-vce-do-apply=\"border margin background  el-952b7efe\"><div class=\"vce-col-content\" data-vce-element-content=\"true\" data-vce-do-apply=\"padding el-952b7efe\"><div class=\"vce-row-container\" data-vce-boxed-width=\"true\"><div class=\"vce-row vce-row--col-gap-30 schmal vce-row-content--top\" id=\"el-6be26a9b\" data-vce-do-apply=\"all el-6be26a9b\"><div class=\"vce-row-content\" data-vce-element-content=\"true\"><div class=\"vce-col vce-col--md-auto vce-col--xs-1 vce-col--xs-last vce-col--xs-first vce-col--sm-last vce-col--sm-first vce-col--md-last vce-col--lg-last vce-col--xl-last vce-col--md-first vce-col--lg-first vce-col--xl-first\" id=\"el-0f90feb3\"><div class=\"vce-col-inner\" data-vce-do-apply=\"border margin background  el-0f90feb3\"><div class=\"vce-col-content\" data-vce-element-content=\"true\" data-vce-do-apply=\"padding el-0f90feb3\"><div class=\"vce-text-block\"><div class=\"vce-text-block-wrapper vce\" id=\"el-2b4f45e8\" data-vce-do-apply=\"all el-2b4f45e8\"><h4>Accessibility &amp; starting-point<\/h4><\/div><\/div><div class=\"vce-text-block schmal\"><div class=\"vce-text-block-wrapper vce\" id=\"el-4a01c9db\" data-vce-do-apply=\"all el-4a01c9db\"><p style=\"text-align: center;\">You can drive right up to the Aualm. Enthusiastic walkers can hike up from the alpine hut to the <strong>Schuhflicker<\/strong>, to the <strong>Paarsee lakes<\/strong>, up to the <strong>Schiedalm<\/strong>, the <strong>Schernbergalm<\/strong> and the <strong>H\u00f6llwand<\/strong>. The hike from the top station of the Panorama Cable Car via the Kreuzkogel, the Arlt\u00f6rl and the Schuhflicker to our alpine hut is also very popular.<\/p><\/div><\/div><\/div><\/div><\/div><\/div><\/div><\/div><\/div><\/div><\/div><\/div><\/div><\/div><div class=\"vce-row-container\" data-vce-boxed-width=\"true\"><div class=\"vce-row vce-row--col-gap-30 schmal vce-row-content--top\" id=\"el-c6bd7e3d\" data-vce-do-apply=\"all el-c6bd7e3d\"><div class=\"vce-row-content\" data-vce-element-content=\"true\"><div class=\"vce-col vce-col--md-auto vce-col--xs-1 vce-col--xs-last vce-col--xs-first vce-col--sm-last vce-col--sm-first vce-col--md-last vce-col--lg-last vce-col--xl-last vce-col--md-first vce-col--lg-first vce-col--xl-first\" id=\"el-eafcb012\"><div class=\"vce-col-inner\" data-vce-do-apply=\"border margin background  el-eafcb012\"><div class=\"vce-col-content\" data-vce-element-content=\"true\" data-vce-do-apply=\"padding el-eafcb012\"><div class=\"vce-classic-tabs vce vce-classic-tabs-align--left vce-classic-tabs-border-color--D8D8D8\" id=\"el-4d4534cd\" data-vce-do-apply=\"all el-4d4534cd\" data-active-tab=\"1\"><div class=\"vce-classic-tabs-inner\"><div class=\"vce-classic-tabs-container\"><div class=\"vce-classic-tabs-list\" role=\"tablist\" aria-label=\"Classic Tabs\"><div class=\"vce-classic-tabs-tab\" data-vce-target-model-id=\"0c927821\" data-vce-classic-tab=\"true\"><a class=\"vce-classic-tabs-tab-title\" data-vce-use-cache=\"false\" data-vce-classic-tabs=\"true\" data-vce-target=\"[data-model-id=0c927821]\" data-vce-container=\".vce-classic-tabs-inner\" href=\"#el-0c927821\" role=\"tab\" aria-selected=\"true\" aria-controls=\"el-0c927821\" id=\"tab-0c927821\">Home-made alpine produce<\/a><\/div><div class=\"vce-classic-tabs-tab\" data-vce-target-model-id=\"5e5c635c\" data-vce-classic-tab=\"true\"><a class=\"vce-classic-tabs-tab-title\" data-vce-use-cache=\"false\" data-vce-classic-tabs=\"true\" data-vce-target=\"[data-model-id=5e5c635c]\" data-vce-container=\".vce-classic-tabs-inner\" href=\"#el-5e5c635c\" role=\"tab\" aria-selected=\"false\" aria-controls=\"el-5e5c635c\" id=\"tab-5e5c635c\">Alpine adventure day<\/a><\/div><\/div><\/div><div class=\"vce-classic-tabs-panels-container\"><div class=\"vce-classic-tabs-panels\"><div class=\"vce-classic-tabs-panel\" id=\"el-0c927821\" data-model-id=\"0c927821\" data-vce-content=\".vce-classic-tabs-panel-body\"><div class=\"vce-classic-tabs-tab-inner\"><div class=\"vce-classic-tabs-panel-heading\"><a class=\"vce-classic-tabs-panel-title\" href=\"#el-0c927821\" data-vce-target=\"[data-model-id=0c927821]\" data-vce-use-cache=\"false\" data-vce-classic-accordion=\"\" data-vce-container=\".vce-classic-tabs-inner\" role=\"tab\" aria-selected=\"true\" aria-controls=\"el-0c927821\" id=\"accordion-0c927821\"><span>Home-made alpine produce<\/span><\/a><\/div><div class=\"vce-classic-tabs-panel-body\" role=\"tabpanel\" aria-labelledby=\"tab-0c927821 accordion-0c927821\" data-vce-do-apply=\"all el-0c927821\"><div class=\"vce-classic-tabs-element-container\" data-js-panel-body=\"\"><div class=\"vce-text-block\"><div class=\"vce-text-block-wrapper vce\" id=\"el-c981682b\" data-vce-do-apply=\"all el-c981682b\"><h4>Savour &amp; give away<\/h4><\/div><\/div><div class=\"vce-single-image-container vce-single-image--align-left\"><div class=\"vce vce-single-image-wrapper\" id=\"el-55e35885\" data-vce-do-apply=\"all el-55e35885\"><figure><div class=\"vce-single-image-figure-inner\" style=\"width: 855px;\"><div class=\"vce-single-image-inner vce-single-image--absolute\" style=\"width: 100%; padding-bottom: 41.6374%;\"><img decoding=\"async\" class=\"vce-single-image lazyload\"  width=\"855\" height=\"356\" data-srcset=\"https:\/\/www.aubauernhof.at\/wp-content\/uploads\/hofeigene-produkte-almhuette-aualm-grossarltal-2-320x133.jpg 320w, https:\/\/www.aubauernhof.at\/wp-content\/uploads\/hofeigene-produkte-almhuette-aualm-grossarltal-2-480x200.jpg 480w, https:\/\/www.aubauernhof.at\/wp-content\/uploads\/hofeigene-produkte-almhuette-aualm-grossarltal-2-800x333.jpg 800w, https:\/\/www.aubauernhof.at\/wp-content\/uploads\/hofeigene-produkte-almhuette-aualm-grossarltal-2-855x356.jpg 855w\" data-src=\"https:\/\/www.aubauernhof.at\/wp-content\/uploads\/hofeigene-produkte-almhuette-aualm-grossarltal-2-855x356.jpg\" data-img-src=\"https:\/\/www.aubauernhof.at\/wp-content\/uploads\/hofeigene-produkte-almhuette-aualm-grossarltal-2.jpg\" data-attachment-id=\"1013\"  alt=\"Hofeigene Alm im Gro\u00dfarltal, Salzburger Land\" title=\"Hofeigene Alm im Gro\u00dfarltal, Salzburger Land\" src=\"data:image\/svg+xml;base64,PHN2ZyB3aWR0aD0iMSIgaGVpZ2h0PSIxIiB4bWxucz0iaHR0cDovL3d3dy53My5vcmcvMjAwMC9zdmciPjwvc3ZnPg==\" style=\"--smush-placeholder-width: 855px; --smush-placeholder-aspect-ratio: 855\/356;\" data-sizes=\"auto\" \/><\/div><\/div><figcaption hidden=\"\"><\/figcaption><\/figure><\/div><\/div><div class=\"vce-text-block\"><div class=\"vce-text-block-wrapper vce\" id=\"el-3d865eff\" data-vce-do-apply=\"all el-3d865eff\"><p>From the beginning of June until the end of September, cattle, horses and pigs relax up on our alpine pasture and graze to the full in our lush meadows. The cows provide us with precious<strong> milk<\/strong>, from which we lovingly produce <strong>alpine butter, hard cheese, sour cheese, cream cheese<\/strong> and<strong> various quark spreads<\/strong>.&nbsp;Let our two dairywomen spoil you with a hearty and tasty snack. How about a<strong> home-made schnaps to finish off with<\/strong>. You can also purchase our home-made produce, such as farmer's bread, alpine butter, cheese, quark, jam and schnaps - either for yourself or for your loved-ones back home.&nbsp;<\/p><\/div><\/div><\/div><\/div><\/div><\/div><div class=\"vce-classic-tabs-panel\" id=\"el-5e5c635c\" data-model-id=\"5e5c635c\" data-vce-content=\".vce-classic-tabs-panel-body\"><div class=\"vce-classic-tabs-tab-inner\"><div class=\"vce-classic-tabs-panel-heading\"><a class=\"vce-classic-tabs-panel-title\" href=\"#el-5e5c635c\" data-vce-target=\"[data-model-id=5e5c635c]\" data-vce-use-cache=\"false\" data-vce-classic-accordion=\"\" data-vce-container=\".vce-classic-tabs-inner\" role=\"tab\" aria-selected=\"false\" aria-controls=\"el-5e5c635c\" id=\"accordion-5e5c635c\"><span>Alpine adventure day<\/span><\/a><\/div><div class=\"vce-classic-tabs-panel-body\" role=\"tabpanel\" aria-labelledby=\"tab-5e5c635c accordion-5e5c635c\" data-vce-do-apply=\"all el-5e5c635c\" hidden=\"hidden\"><div class=\"vce-classic-tabs-element-container\" data-js-panel-body=\"\"><div class=\"vce-text-block\"><div class=\"vce-text-block-wrapper vce\" id=\"el-f0b4019d\" data-vce-do-apply=\"all el-f0b4019d\"><h4>Activities for guests at the Aualm<\/h4><\/div><\/div><div class=\"vce-single-image-container vce-single-image--align-left\"><div class=\"vce vce-single-image-wrapper\" id=\"el-6ce2727d\" data-vce-do-apply=\"all el-6ce2727d\"><figure><div class=\"vce-single-image-figure-inner\" style=\"width: 855px;\"><div class=\"vce-single-image-inner vce-single-image--absolute\" style=\"width: 100%; padding-bottom: 41.6374%;\"><img decoding=\"async\" class=\"vce-single-image lazyload\"  width=\"855\" height=\"356\" data-srcset=\"https:\/\/www.aubauernhof.at\/wp-content\/uploads\/gaesteaktivitaeten-almhuette-aualm-grossarltal-2-320x133.jpg 320w, https:\/\/www.aubauernhof.at\/wp-content\/uploads\/gaesteaktivitaeten-almhuette-aualm-grossarltal-2-480x200.jpg 480w, https:\/\/www.aubauernhof.at\/wp-content\/uploads\/gaesteaktivitaeten-almhuette-aualm-grossarltal-2-800x333.jpg 800w, https:\/\/www.aubauernhof.at\/wp-content\/uploads\/gaesteaktivitaeten-almhuette-aualm-grossarltal-2-855x356.jpg 855w\" data-src=\"https:\/\/www.aubauernhof.at\/wp-content\/uploads\/gaesteaktivitaeten-almhuette-aualm-grossarltal-2-855x356.jpg\" data-img-src=\"https:\/\/www.aubauernhof.at\/wp-content\/uploads\/gaesteaktivitaeten-almhuette-aualm-grossarltal-2.jpg\" data-attachment-id=\"1018\"  alt=\"G\u00e4steaktivit\u00e4ten auf der Aualm im Gro\u00dfarltal\" title=\"G\u00e4steaktivit\u00e4ten auf der Aualm im Gro\u00dfarltal\" src=\"data:image\/svg+xml;base64,PHN2ZyB3aWR0aD0iMSIgaGVpZ2h0PSIxIiB4bWxucz0iaHR0cDovL3d3dy53My5vcmcvMjAwMC9zdmciPjwvc3ZnPg==\" style=\"--smush-placeholder-width: 855px; --smush-placeholder-aspect-ratio: 855\/356;\" data-sizes=\"auto\" \/><\/div><\/div><figcaption hidden=\"\"><\/figcaption><\/figure><\/div><\/div><div class=\"vce-text-block\"><div class=\"vce-text-block-wrapper vce\" id=\"el-4aadc2a1\" data-vce-do-apply=\"all el-4aadc2a1\"><p><strong>Once a week<\/strong> we head up together to our Aualm. There we spend a particulary exciting alpine pasture adventure day. Along a<strong> short walk<\/strong>, animals and plants, which live and grow at this altitude or observed in detail. Walk with open eyes over our blooming alpine meadows and you'll see rare types of orchids and gentians, which are under wildlife protection. Back at the alpine hut everyone can try their hand at <strong>making a piece of butter themselves<\/strong>. Afterwards we satisfy our hunger with a<strong> hearty snack<\/strong>. Ask us as many questions as you like. We'll do our best to answer, e,g, \"How does a cow eat and how much grass does it need to produce a litre of milk?\". \"Do pigs also give milk?\". \"How do I behave correctly around horses?\". \"What do chamois, marmots and eagles do in the winter?\"<\/p><\/div><\/div><\/div><\/div><\/div><\/div><\/div><\/div><\/div><\/div><\/div><\/div><\/div><\/div><\/div><\/div><div class=\"vce-row-container\" data-vce-boxed-width=\"true\"><div class=\"vce-row vce-row--col-gap-30 schmal vce-row-content--top\" id=\"el-fa625e83\" data-vce-do-apply=\"all el-fa625e83\"><div class=\"vce-row-content\" data-vce-element-content=\"true\"><div class=\"vce-col vce-col--md-auto vce-col--xs-1 vce-col--xs-last vce-col--xs-first vce-col--sm-last vce-col--sm-first vce-col--md-last vce-col--lg-last vce-col--xl-last vce-col--md-first vce-col--lg-first vce-col--xl-first\" id=\"el-f13f81f3\"><div class=\"vce-col-inner\" data-vce-do-apply=\"border margin background  el-f13f81f3\"><div class=\"vce-col-content\" data-vce-element-content=\"true\" data-vce-do-apply=\"padding el-f13f81f3\"><div class=\"vce-row-container\" data-vce-boxed-width=\"true\"><div class=\"vce-row vce-row--col-gap-0 vce-row-content--top\" id=\"el-ac56c280\" data-vce-do-apply=\"all el-ac56c280\"><div class=\"vce-row-content btn-group\" data-vce-element-content=\"true\"><div class=\"vce-col vce-col--md-auto vce-col--xs-1 vce-col--xs-last vce-col--xs-first vce-col--sm-last vce-col--sm-first vce-col--md-first vce-col--lg-first vce-col--xl-first\" id=\"el-5ffe038b\"><div class=\"vce-col-inner\" data-vce-do-apply=\"border margin background  el-5ffe038b\"><div class=\"vce-col-content\" data-vce-element-content=\"true\" data-vce-do-apply=\"padding el-5ffe038b\"><div class=\"vce-button--style-outline-container vce-button--style-outline-container--align-left\"><span class=\"vce-button--style-outline-wrapper vce vce-button--style-outline-wrapper--stretched\" id=\"el-92bc9e2f\" data-vce-do-apply=\"margin el-92bc9e2f\"><a class=\"vce-button vce-button--style-outline-animated vce-button--style-outline--border-square vce-button--style-outline--size-medium vce-button--style-outline-animated--color-e3e3e3--fff--3d3d3d vce-button--style-outline-animated--border-color-e3e3e3--3d3d3d vce-button--style-outline-animated--background-color-3d3d3d\" href=\"http:\/\/www.aubauernhof.at\/en\/organic-farm-sustainability\/\" title=\"\" data-vce-do-apply=\"padding border background  el-92bc9e2f\"><span class=\"vce-button--style-outline-text\">Organic farm<\/span><\/a><\/span><\/div><\/div><\/div><\/div><div class=\"vce-col vce-col--md-auto vce-col--xs-1 vce-col--xs-last vce-col--xs-first vce-col--sm-last vce-col--sm-first\" id=\"el-5fed0fb9\"><div class=\"vce-col-inner\" data-vce-do-apply=\"border margin background  el-5fed0fb9\"><div class=\"vce-col-content\" data-vce-element-content=\"true\" data-vce-do-apply=\"padding el-5fed0fb9\"><div class=\"vce-button--style-outline-container vce-button--style-outline-container--align-left\"><span class=\"vce-button--style-outline-wrapper vce vce-button--style-outline-wrapper--stretched\" id=\"el-f550bd5e\" data-vce-do-apply=\"margin el-f550bd5e\"><a class=\"vce-button vce-button--style-outline-animated vce-button--style-outline--border-square vce-button--style-outline--size-medium vce-button--style-outline-animated--color-e3e3e3--fff--3d3d3d vce-button--style-outline-animated--border-color-e3e3e3--3d3d3d vce-button--style-outline-animated--background-color-3d3d3d\" href=\"http:\/\/www.aubauernhof.at\/en\/childrens-paradise\/\" title=\"\" data-vce-do-apply=\"padding border background  el-f550bd5e\"><span class=\"vce-button--style-outline-text\">Children's paradise<\/span><\/a><\/span><\/div><\/div><\/div><\/div><div class=\"vce-col vce-col--md-auto vce-col--xs-1 vce-col--xs-last vce-col--xs-first vce-col--sm-last vce-col--sm-first vce-col--md-last vce-col--lg-last vce-col--xl-last\" id=\"el-3ddb0be4\"><div class=\"vce-col-inner\" data-vce-do-apply=\"border margin background  el-3ddb0be4\"><div class=\"vce-col-content\" data-vce-element-content=\"true\" data-vce-do-apply=\"padding el-3ddb0be4\"><div class=\"vce-button--style-outline-container vce-button--style-outline-container--align-left\"><span class=\"vce-button--style-outline-wrapper vce vce-button--style-outline-wrapper--stretched\" id=\"el-fa1af93b\" data-vce-do-apply=\"margin el-fa1af93b\"><a class=\"vce-button vce-button--style-outline-animated vce-button--style-outline--border-square vce-button--style-outline--size-medium vce-button--style-outline-animated--color-e3e3e3--fff--3d3d3d vce-button--style-outline-animated--border-color-e3e3e3--3d3d3d vce-button--style-outline-animated--background-color-3d3d3d\" href=\"http:\/\/www.aubauernhof.at\/en\/family-lainer\/\" title=\"\" data-vce-do-apply=\"padding border background  el-fa1af93b\"><span class=\"vce-button--style-outline-text\">The Lainer Family<\/span><\/a><\/span><\/div><\/div><\/div><\/div><\/div><\/div><\/div><\/div><\/div><\/div><\/div><\/div><\/div>\n","protected":false},"excerpt":{"rendered":"<p>Farm&#8217;s own alpine hut &#8211; the AualmMountain hut in a scenic location in the heart of the Grossarl Valley hiking regionCombine a scenic hike or mountain tour with a visit to our own alpine hut.&nbsp;As common for farms here in the Grossarl Valley, an alpine pasture area with an alpine hut open for refreshment belongs [&hellip;]<\/p>\n","protected":false},"author":1,"featured_media":3498,"parent":0,"menu_order":0,"comment_status":"closed","ping_status":"closed","template":"","meta":{"_acf_changed":false,"rs_blank_template":"","rs_page_bg_color":"","slide_template_v7":"","inline_featured_image":false,"footnotes":""},"class_list":["post-2099","page","type-page","status-publish","has-post-thumbnail","hentry"],"acf":[],"_links":{"self":[{"href":"https:\/\/www.aubauernhof.at\/en\/wp-json\/wp\/v2\/pages\/2099","targetHints":{"allow":["GET"]}}],"collection":[{"href":"https:\/\/www.aubauernhof.at\/en\/wp-json\/wp\/v2\/pages"}],"about":[{"href":"https:\/\/www.aubauernhof.at\/en\/wp-json\/wp\/v2\/types\/page"}],"author":[{"embeddable":true,"href":"https:\/\/www.aubauernhof.at\/en\/wp-json\/wp\/v2\/users\/1"}],"replies":[{"embeddable":true,"href":"https:\/\/www.aubauernhof.at\/en\/wp-json\/wp\/v2\/comments?post=2099"}],"version-history":[{"count":0,"href":"https:\/\/www.aubauernhof.at\/en\/wp-json\/wp\/v2\/pages\/2099\/revisions"}],"wp:featuredmedia":[{"embeddable":true,"href":"https:\/\/www.aubauernhof.at\/en\/wp-json\/wp\/v2\/media\/3498"}],"wp:attachment":[{"href":"https:\/\/www.aubauernhof.at\/en\/wp-json\/wp\/v2\/media?parent=2099"}],"curies":[{"name":"wp","href":"https:\/\/api.w.org\/{rel}","templated":true}]}}